{"id":24344,"date":"2024-09-04T05:02:09","date_gmt":"2024-09-04T05:02:09","guid":{"rendered":"https:\/\/heimbiotek.com\/?page_id=24344"},"modified":"2024-11-14T04:29:32","modified_gmt":"2024-11-14T04:29:32","slug":"calculator","status":"publish","type":"page","link":"https:\/\/heimbiotek.com\/ko\/calculator\/","title":{"rendered":"HB Calculator"},"content":{"rendered":"<div data-elementor-type=\"wp-page\" data-elementor-id=\"24344\" class=\"elementor elementor-24344\" data-elementor-post-type=\"page\">\n\t\t\t\t<div class=\"elementor-element elementor-element-287910d e-flex e-con-boxed wpr-particle-no wpr-jarallax-no wpr-parallax-no wpr-sticky-section-no wpr-equal-height-no e-con e-parent\" data-id=\"287910d\" data-element_type=\"container\" data-e-type=\"container\" data-settings=\"{&quot;background_background&quot;:&quot;classic&quot;}\">\n\t\t\t\t\t<div class=\"e-con-inner\">\n\t\t<div class=\"elementor-element elementor-element-959e6c1 e-con-full e-flex wpr-particle-no wpr-jarallax-no wpr-parallax-no wpr-sticky-section-no wpr-equal-height-no e-con e-child\" data-id=\"959e6c1\" data-element_type=\"container\" data-e-type=\"container\">\n\t\t\t\t<div class=\"elementor-element elementor-element-1a8a174 elementor-invisible elementor-widget elementor-widget-heading\" data-id=\"1a8a174\" data-element_type=\"widget\" data-e-type=\"widget\" data-settings=\"{&quot;_animation&quot;:&quot;fadeIn&quot;}\" data-widget_type=\"heading.default\">\n\t\t\t\t<div class=\"elementor-widget-container\">\n\t\t\t\t\t<h1 class=\"elementor-heading-title elementor-size-default\">Calculator<\/h1>\t\t\t\t<\/div>\n\t\t\t\t<\/div>\n\t\t<div class=\"elementor-element elementor-element-d34dc8b e-con-full e-flex wpr-particle-no wpr-jarallax-no wpr-parallax-no wpr-sticky-section-no wpr-equal-height-no elementor-invisible e-con e-child\" data-id=\"d34dc8b\" data-element_type=\"container\" data-e-type=\"container\" data-settings=\"{&quot;background_background&quot;:&quot;classic&quot;,&quot;animation&quot;:&quot;fadeInLeft&quot;,&quot;animation_delay&quot;:200}\">\n\t\t\t\t<\/div>\n\t\t\t\t<\/div>\n\t\t\t\t\t<\/div>\n\t\t\t\t<\/div>\n\t\t<div class=\"elementor-element elementor-element-4f23533 e-flex e-con-boxed wpr-particle-no wpr-jarallax-no wpr-parallax-no wpr-sticky-section-no wpr-equal-height-no e-con e-child\" data-id=\"4f23533\" data-element_type=\"container\" data-e-type=\"container\" data-settings=\"{&quot;background_background&quot;:&quot;classic&quot;}\">\n\t\t\t\t\t<div class=\"e-con-inner\">\n\t\t<div class=\"elementor-element elementor-element-d040947 e-con-full e-flex wpr-particle-no wpr-jarallax-no wpr-parallax-no wpr-sticky-section-no wpr-equal-height-no e-con e-child\" data-id=\"d040947\" data-element_type=\"container\" data-e-type=\"container\" data-settings=\"{&quot;background_background&quot;:&quot;classic&quot;}\">\n\t\t<div class=\"elementor-element elementor-element-f5be1fa e-con-full e-flex wpr-particle-no wpr-jarallax-no wpr-parallax-no wpr-sticky-section-no wpr-equal-height-no e-con e-child\" data-id=\"f5be1fa\" data-element_type=\"container\" data-e-type=\"container\">\n\t\t<div class=\"elementor-element elementor-element-8b39003 e-con-full e-flex wpr-particle-no wpr-jarallax-no wpr-parallax-no wpr-sticky-section-no wpr-equal-height-no e-con e-child\" data-id=\"8b39003\" data-element_type=\"container\" data-e-type=\"container\">\n\t\t<div class=\"elementor-element elementor-element-4b0d3e6 e-con-full e-flex wpr-particle-no wpr-jarallax-no wpr-parallax-no wpr-sticky-section-no wpr-equal-height-no e-con e-child\" data-id=\"4b0d3e6\" data-element_type=\"container\" data-e-type=\"container\">\n\t\t\t\t<div class=\"elementor-element elementor-element-c0b5660 elementor-widget__width-initial elementor-widget-tablet__width-initial elementor-widget-mobile__width-auto elementor-widget elementor-widget-image\" data-id=\"c0b5660\" data-element_type=\"widget\" data-e-type=\"widget\" data-widget_type=\"image.default\">\n\t\t\t\t<div class=\"elementor-widget-container\">\n\t\t\t\t\t\t\t\t\t\t\t\t\t\t\t<img decoding=\"async\" width=\"82\" height=\"65\" src=\"https:\/\/heimbiotek.com\/wp-content\/uploads\/2024\/02\/product_logo.png\" class=\"attachment-large size-large wp-image-14964\" alt=\"product_logo\" srcset=\"https:\/\/heimbiotek.com\/wp-content\/uploads\/2024\/02\/product_logo.png 82w, https:\/\/heimbiotek.com\/wp-content\/uploads\/2024\/02\/product_logo-15x12.png 15w\" sizes=\"(max-width: 82px) 100vw, 82px\" \/>\t\t\t\t\t\t\t\t\t\t\t\t\t\t\t<\/div>\n\t\t\t\t<\/div>\n\t\t<div class=\"elementor-element elementor-element-8e06f60 e-con-full e-flex wpr-particle-no wpr-jarallax-no wpr-parallax-no wpr-sticky-section-no wpr-equal-height-no e-con e-child\" data-id=\"8e06f60\" data-element_type=\"container\" data-e-type=\"container\">\n\t\t\t\t<div class=\"elementor-element elementor-element-7a63266 elementor-widget elementor-widget-heading\" data-id=\"7a63266\" data-element_type=\"widget\" data-e-type=\"widget\" data-widget_type=\"heading.default\">\n\t\t\t\t<div class=\"elementor-widget-container\">\n\t\t\t\t\t<h2 class=\"elementor-heading-title elementor-size-default\">dsRNA: Mass to Moles Convertor<\/h2>\t\t\t\t<\/div>\n\t\t\t\t<\/div>\n\t\t\t\t<\/div>\n\t\t\t\t<\/div>\n\t\t<div class=\"elementor-element elementor-element-2df227b e-con-full e-flex wpr-particle-no wpr-jarallax-no wpr-parallax-no wpr-sticky-section-no wpr-equal-height-no e-con e-child\" data-id=\"2df227b\" data-element_type=\"container\" data-e-type=\"container\" data-settings=\"{&quot;background_background&quot;:&quot;classic&quot;}\">\n\t\t\t\t<\/div>\n\t\t\t\t<\/div>\n\t\t\t\t<\/div>\n\t\t<div class=\"elementor-element elementor-element-a9d628b e-con-full e-flex wpr-particle-no wpr-jarallax-no wpr-parallax-no wpr-sticky-section-no wpr-equal-height-no e-con e-child\" data-id=\"a9d628b\" data-element_type=\"container\" data-e-type=\"container\" data-settings=\"{&quot;background_background&quot;:&quot;classic&quot;}\">\n\t\t\t\t<div class=\"elementor-element elementor-element-ac07723 elementor-widget elementor-widget-html\" data-id=\"ac07723\" data-element_type=\"widget\" data-e-type=\"widget\" data-widget_type=\"html.default\">\n\t\t\t\t<div class=\"elementor-widget-container\">\n\t\t\t\t\t<div class=\"converter-container\">\n    <form id=\"converter-Form\" action=\"\">\n        <label for=\"converter-rnaMass\">Mass of RNA (ng):<\/label>\n        <input type=\"number\" id=\"converter-rnaMass\" name=\"rnaMass\" step=\"any\" placeholder=\"Enter mass in ng\" required>\n\n        <label for=\"converter-dsRNALength\">Length of dsRNA (nt):<\/label>\n        <input type=\"number\" id=\"converter-dsRNALength\" name=\"dsRNALength\" step=\"any\" placeholder=\"Enter length in nt\" required>\n\n        <button type=\"button\" onclick=\"calculate()\">Calculate<\/button>\n    <input type=\"hidden\" name=\"trp-form-language\" value=\"ko\"\/><\/form>\n\n    <div class=\"converter-results\">\n        <p id=\"converter-copyNumber\">Copy number: <\/p>\n        <p id=\"error-message\" style=\"color: red;\"><\/p> <!-- \uc624\ub958 \uba54\uc2dc\uc9c0 \ud45c\uc2dc -->\n    <\/div>\n<\/div>\t\t\t\t<\/div>\n\t\t\t\t<\/div>\n\t\t<div class=\"elementor-element elementor-element-59116db e-con-full e-flex wpr-particle-no wpr-jarallax-no wpr-parallax-no wpr-sticky-section-no wpr-equal-height-no e-con e-child\" data-id=\"59116db\" data-element_type=\"container\" data-e-type=\"container\">\n\t\t\t\t<div class=\"elementor-element elementor-element-84efb4b elementor-widget elementor-widget-heading\" data-id=\"84efb4b\" data-element_type=\"widget\" data-e-type=\"widget\" data-widget_type=\"heading.default\">\n\t\t\t\t<div class=\"elementor-widget-container\">\n\t\t\t\t\t<p class=\"elementor-heading-title elementor-size-default\">Formula<\/p>\t\t\t\t<\/div>\n\t\t\t\t<\/div>\n\t\t\t\t<div class=\"elementor-element elementor-element-e4cd9c0 elementor-widget elementor-widget-heading\" data-id=\"e4cd9c0\" data-element_type=\"widget\" data-e-type=\"widget\" data-widget_type=\"heading.default\">\n\t\t\t\t<div class=\"elementor-widget-container\">\n\t\t\t\t\t<p class=\"elementor-heading-title elementor-size-default\">Copy number = ( X ng \u00d7 6.022 * 10^23 ) \/ ( Y nt \u00d7 2 \u00d7 10^9 \u00d7 340)<\/p>\t\t\t\t<\/div>\n\t\t\t\t<\/div>\n\t\t\t\t<\/div>\n\t\t\t\t<\/div>\n\t\t\t\t<\/div>\n\t\t\t\t\t<\/div>\n\t\t\t\t<\/div>\n\t\t\t\t<\/div>","protected":false},"excerpt":{"rendered":"<p>Calculator dsRNA: Mass to Moles Convertor Mass of RNA (ng): Length of dsRNA (nt): Calculate Copy number: Formula Copy number = ( X ng \u00d7 6.022 * 10^23 ) \/ ( Y nt \u00d7 2 \u00d7 10^9 \u00d7 340)<\/p>","protected":false},"author":1,"featured_media":0,"parent":0,"menu_order":0,"comment_status":"closed","ping_status":"closed","template":"","meta":{"footnotes":""},"class_list":["post-24344","page","type-page","status-publish","hentry"],"yoast_head":"<!-- This site is optimized with the Yoast SEO plugin v27.5 - https:\/\/yoast.com\/product\/yoast-seo-wordpress\/ -->\n<title>HB Calculator - HeimBiotek<\/title>\n<meta name=\"robots\" content=\"index, follow, max-snippet:-1, max-image-preview:large, max-video-preview:-1\" \/>\n<link rel=\"canonical\" href=\"https:\/\/heimbiotek.com\/ko\/calculator\/\" \/>\n<meta property=\"og:locale\" content=\"ko_KR\" \/>\n<meta property=\"og:type\" content=\"article\" \/>\n<meta property=\"og:title\" content=\"HB Calculator - HeimBiotek\" \/>\n<meta property=\"og:description\" content=\"Calculator dsRNA: Mass to Moles Convertor Mass of RNA (ng): Length of dsRNA (nt): Calculate Copy number: Formula Copy number = ( X ng \u00d7 6.022 * 10^23 ) \/ ( Y nt \u00d7 2 \u00d7 10^9 \u00d7 340)\" \/>\n<meta property=\"og:url\" content=\"https:\/\/heimbiotek.com\/ko\/calculator\/\" \/>\n<meta property=\"og:site_name\" content=\"HeimBiotek\" \/>\n<meta property=\"article:modified_time\" content=\"2024-11-14T04:29:32+00:00\" \/>\n<meta property=\"og:image\" content=\"https:\/\/heimbiotek.com\/wp-content\/uploads\/2024\/02\/product_logo.png\" \/>\n\t<meta property=\"og:image:width\" content=\"82\" \/>\n\t<meta property=\"og:image:height\" content=\"65\" \/>\n\t<meta property=\"og:image:type\" content=\"image\/png\" \/>\n<meta name=\"twitter:card\" content=\"summary_large_image\" \/>\n<meta name=\"twitter:label1\" content=\"\uc608\uc0c1 \ub418\ub294 \ud310\ub3c5 \uc2dc\uac04\" \/>\n\t<meta name=\"twitter:data1\" content=\"1\ubd84\" \/>\n<script type=\"application\/ld+json\" class=\"yoast-schema-graph\">{\"@context\":\"https:\\\/\\\/schema.org\",\"@graph\":[{\"@type\":\"WebPage\",\"@id\":\"https:\\\/\\\/heimbiotek.com\\\/calculator\\\/\",\"url\":\"https:\\\/\\\/heimbiotek.com\\\/calculator\\\/\",\"name\":\"HB Calculator - HeimBiotek\",\"isPartOf\":{\"@id\":\"https:\\\/\\\/heimbiotek.com\\\/#website\"},\"primaryImageOfPage\":{\"@id\":\"https:\\\/\\\/heimbiotek.com\\\/calculator\\\/#primaryimage\"},\"image\":{\"@id\":\"https:\\\/\\\/heimbiotek.com\\\/calculator\\\/#primaryimage\"},\"thumbnailUrl\":\"https:\\\/\\\/heimbiotek.com\\\/wp-content\\\/uploads\\\/2024\\\/02\\\/product_logo.png\",\"datePublished\":\"2024-09-04T05:02:09+00:00\",\"dateModified\":\"2024-11-14T04:29:32+00:00\",\"breadcrumb\":{\"@id\":\"https:\\\/\\\/heimbiotek.com\\\/calculator\\\/#breadcrumb\"},\"inLanguage\":\"ko-KR\",\"potentialAction\":[{\"@type\":\"ReadAction\",\"target\":[\"https:\\\/\\\/heimbiotek.com\\\/calculator\\\/\"]}]},{\"@type\":\"ImageObject\",\"inLanguage\":\"ko-KR\",\"@id\":\"https:\\\/\\\/heimbiotek.com\\\/calculator\\\/#primaryimage\",\"url\":\"https:\\\/\\\/heimbiotek.com\\\/wp-content\\\/uploads\\\/2024\\\/02\\\/product_logo.png\",\"contentUrl\":\"https:\\\/\\\/heimbiotek.com\\\/wp-content\\\/uploads\\\/2024\\\/02\\\/product_logo.png\"},{\"@type\":\"BreadcrumbList\",\"@id\":\"https:\\\/\\\/heimbiotek.com\\\/calculator\\\/#breadcrumb\",\"itemListElement\":[{\"@type\":\"ListItem\",\"position\":1,\"name\":\"\ud648\",\"item\":\"https:\\\/\\\/heimbiotek.com\\\/\"},{\"@type\":\"ListItem\",\"position\":2,\"name\":\"HB Calculator\"}]},{\"@type\":\"WebSite\",\"@id\":\"https:\\\/\\\/heimbiotek.com\\\/#website\",\"url\":\"https:\\\/\\\/heimbiotek.com\\\/\",\"name\":\"HeimBiotek\",\"description\":\"The First The Best\",\"publisher\":{\"@id\":\"https:\\\/\\\/heimbiotek.com\\\/#organization\"},\"potentialAction\":[{\"@type\":\"SearchAction\",\"target\":{\"@type\":\"EntryPoint\",\"urlTemplate\":\"https:\\\/\\\/heimbiotek.com\\\/?s={search_term_string}\"},\"query-input\":{\"@type\":\"PropertyValueSpecification\",\"valueRequired\":true,\"valueName\":\"search_term_string\"}}],\"inLanguage\":\"ko-KR\"},{\"@type\":\"Organization\",\"@id\":\"https:\\\/\\\/heimbiotek.com\\\/#organization\",\"name\":\"HeimBiotek\",\"url\":\"https:\\\/\\\/heimbiotek.com\\\/\",\"logo\":{\"@type\":\"ImageObject\",\"inLanguage\":\"ko-KR\",\"@id\":\"https:\\\/\\\/heimbiotek.com\\\/#\\\/schema\\\/logo\\\/image\\\/\",\"url\":\"https:\\\/\\\/heimbiotek.com\\\/wp-content\\\/uploads\\\/2023\\\/12\\\/heimbiotek_logo.png\",\"contentUrl\":\"https:\\\/\\\/heimbiotek.com\\\/wp-content\\\/uploads\\\/2023\\\/12\\\/heimbiotek_logo.png\",\"width\":249,\"height\":84,\"caption\":\"HeimBiotek\"},\"image\":{\"@id\":\"https:\\\/\\\/heimbiotek.com\\\/#\\\/schema\\\/logo\\\/image\\\/\"}}]}<\/script>\n<!-- \/ Yoast SEO plugin. -->","yoast_head_json":{"title":"HB Calculator - HeimBiotek","robots":{"index":"index","follow":"follow","max-snippet":"max-snippet:-1","max-image-preview":"max-image-preview:large","max-video-preview":"max-video-preview:-1"},"canonical":"https:\/\/heimbiotek.com\/ko\/calculator\/","og_locale":"ko_KR","og_type":"article","og_title":"HB Calculator - HeimBiotek","og_description":"Calculator dsRNA: Mass to Moles Convertor Mass of RNA (ng): Length of dsRNA (nt): Calculate Copy number: Formula Copy number = ( X ng \u00d7 6.022 * 10^23 ) \/ ( Y nt \u00d7 2 \u00d7 10^9 \u00d7 340)","og_url":"https:\/\/heimbiotek.com\/ko\/calculator\/","og_site_name":"HeimBiotek","article_modified_time":"2024-11-14T04:29:32+00:00","og_image":[{"width":82,"height":65,"url":"https:\/\/heimbiotek.com\/wp-content\/uploads\/2024\/02\/product_logo.png","type":"image\/png"}],"twitter_card":"summary_large_image","twitter_misc":{"\uc608\uc0c1 \ub418\ub294 \ud310\ub3c5 \uc2dc\uac04":"1\ubd84"},"schema":{"@context":"https:\/\/schema.org","@graph":[{"@type":"WebPage","@id":"https:\/\/heimbiotek.com\/calculator\/","url":"https:\/\/heimbiotek.com\/calculator\/","name":"HB Calculator - HeimBiotek","isPartOf":{"@id":"https:\/\/heimbiotek.com\/#website"},"primaryImageOfPage":{"@id":"https:\/\/heimbiotek.com\/calculator\/#primaryimage"},"image":{"@id":"https:\/\/heimbiotek.com\/calculator\/#primaryimage"},"thumbnailUrl":"https:\/\/heimbiotek.com\/wp-content\/uploads\/2024\/02\/product_logo.png","datePublished":"2024-09-04T05:02:09+00:00","dateModified":"2024-11-14T04:29:32+00:00","breadcrumb":{"@id":"https:\/\/heimbiotek.com\/calculator\/#breadcrumb"},"inLanguage":"ko-KR","potentialAction":[{"@type":"ReadAction","target":["https:\/\/heimbiotek.com\/calculator\/"]}]},{"@type":"ImageObject","inLanguage":"ko-KR","@id":"https:\/\/heimbiotek.com\/calculator\/#primaryimage","url":"https:\/\/heimbiotek.com\/wp-content\/uploads\/2024\/02\/product_logo.png","contentUrl":"https:\/\/heimbiotek.com\/wp-content\/uploads\/2024\/02\/product_logo.png"},{"@type":"BreadcrumbList","@id":"https:\/\/heimbiotek.com\/calculator\/#breadcrumb","itemListElement":[{"@type":"ListItem","position":1,"name":"\ud648","item":"https:\/\/heimbiotek.com\/"},{"@type":"ListItem","position":2,"name":"HB Calculator"}]},{"@type":"WebSite","@id":"https:\/\/heimbiotek.com\/#website","url":"https:\/\/heimbiotek.com\/","name":"HeimBiotek","description":"The First The Best","publisher":{"@id":"https:\/\/heimbiotek.com\/#organization"},"potentialAction":[{"@type":"SearchAction","target":{"@type":"EntryPoint","urlTemplate":"https:\/\/heimbiotek.com\/?s={search_term_string}"},"query-input":{"@type":"PropertyValueSpecification","valueRequired":true,"valueName":"search_term_string"}}],"inLanguage":"ko-KR"},{"@type":"Organization","@id":"https:\/\/heimbiotek.com\/#organization","name":"HeimBiotek","url":"https:\/\/heimbiotek.com\/","logo":{"@type":"ImageObject","inLanguage":"ko-KR","@id":"https:\/\/heimbiotek.com\/#\/schema\/logo\/image\/","url":"https:\/\/heimbiotek.com\/wp-content\/uploads\/2023\/12\/heimbiotek_logo.png","contentUrl":"https:\/\/heimbiotek.com\/wp-content\/uploads\/2023\/12\/heimbiotek_logo.png","width":249,"height":84,"caption":"HeimBiotek"},"image":{"@id":"https:\/\/heimbiotek.com\/#\/schema\/logo\/image\/"}}]}},"_links":{"self":[{"href":"https:\/\/heimbiotek.com\/ko\/wp-json\/wp\/v2\/pages\/24344","targetHints":{"allow":["GET"]}}],"collection":[{"href":"https:\/\/heimbiotek.com\/ko\/wp-json\/wp\/v2\/pages"}],"about":[{"href":"https:\/\/heimbiotek.com\/ko\/wp-json\/wp\/v2\/types\/page"}],"author":[{"embeddable":true,"href":"https:\/\/heimbiotek.com\/ko\/wp-json\/wp\/v2\/users\/1"}],"replies":[{"embeddable":true,"href":"https:\/\/heimbiotek.com\/ko\/wp-json\/wp\/v2\/comments?post=24344"}],"version-history":[{"count":76,"href":"https:\/\/heimbiotek.com\/ko\/wp-json\/wp\/v2\/pages\/24344\/revisions"}],"predecessor-version":[{"id":25253,"href":"https:\/\/heimbiotek.com\/ko\/wp-json\/wp\/v2\/pages\/24344\/revisions\/25253"}],"wp:attachment":[{"href":"https:\/\/heimbiotek.com\/ko\/wp-json\/wp\/v2\/media?parent=24344"}],"curies":[{"name":"wp","href":"https:\/\/api.w.org\/{rel}","templated":true}]}}